{"id":2,"date":"2026-04-07T10:28:47","date_gmt":"2026-04-07T10:28:47","guid":{"rendered":"https:\/\/gifts4all.rkinformatika.online\/?page_id=2"},"modified":"2026-04-09T07:36:54","modified_gmt":"2026-04-09T07:36:54","slug":"inicio","status":"publish","type":"page","link":"https:\/\/gifts4all.es\/en\/","title":{"rendered":"Home"},"content":{"rendered":"\t\t<div data-elementor-type=\"wp-page\" data-elementor-id=\"2\" class=\"elementor elementor-2\" data-elementor-post-type=\"page\">\n\t\t\t\t<div class=\"elementor-element elementor-element-e6d13c0 e-flex e-con-boxed e-con e-parent\" data-id=\"e6d13c0\" data-element_type=\"container\" data-e-type=\"container\" data-settings=\"{&quot;background_background&quot;:&quot;slideshow&quot;,&quot;background_slideshow_gallery&quot;:[{&quot;id&quot;:216,&quot;url&quot;:&quot;https:\\\/\\\/gifts4all.es\\\/wp-content\\\/uploads\\\/2026\\\/04\\\/9284.jpg&quot;},{&quot;id&quot;:197,&quot;url&quot;:&quot;https:\\\/\\\/gifts4all.es\\\/wp-content\\\/uploads\\\/2026\\\/04\\\/10950857.jpg&quot;}],&quot;background_slideshow_ken_burns&quot;:&quot;yes&quot;,&quot;background_slideshow_loop&quot;:&quot;yes&quot;,&quot;background_slideshow_slide_duration&quot;:5000,&quot;background_slideshow_slide_transition&quot;:&quot;fade&quot;,&quot;background_slideshow_transition_duration&quot;:500,&quot;background_slideshow_ken_burns_zoom_direction&quot;:&quot;in&quot;}\">\n\t\t\t\t\t<div class=\"e-con-inner\">\n\t\t<div class=\"elementor-element elementor-element-94132d0 e-con-full e-flex e-con e-child\" data-id=\"94132d0\" data-element_type=\"container\" data-e-type=\"container\">\n\t\t\t\t<div class=\"elementor-element elementor-element-6da1fc3 elementor-widget elementor-widget-heading\" data-id=\"6da1fc3\" data-element_type=\"widget\" data-e-type=\"widget\" data-widget_type=\"heading.default\">\n\t\t\t\t\t<h2 class=\"elementor-heading-title elementor-size-default\">\u00a1Acercamos las mejores marcas a tu negocio!<\/h2>\t\t\t\t<\/div>\n\t\t\t\t<\/div>\n\t\t\t\t\t<\/div>\n\t\t\t\t<\/div>\n\t\t<div class=\"elementor-element elementor-element-12e8258 e-flex e-con-boxed elementor-invisible e-con e-parent\" data-id=\"12e8258\" data-element_type=\"container\" data-e-type=\"container\" data-settings=\"{&quot;animation&quot;:&quot;fadeInDown&quot;}\">\n\t\t\t\t\t<div class=\"e-con-inner\">\n\t\t<div class=\"elementor-element elementor-element-f83d980 e-con-full e-flex e-con e-child\" data-id=\"f83d980\" data-element_type=\"container\" data-e-type=\"container\">\n\t\t\t\t<div class=\"elementor-element elementor-element-42912d1 elementor-widget-divider--view-line_text elementor-widget-divider--element-align-right elementor-widget elementor-widget-divider\" data-id=\"42912d1\" data-element_type=\"widget\" data-e-type=\"widget\" data-widget_type=\"divider.default\">\n\t\t\t\t\t\t\t<div class=\"elementor-divider\">\n\t\t\t<span class=\"elementor-divider-separator\">\n\t\t\t\t\t\t\t<span class=\"elementor-divider__text elementor-divider__element\">\n\t\t\t\tSOBRE NOSOTROS\t\t\t\t<\/span>\n\t\t\t\t\t\t<\/span>\n\t\t<\/div>\n\t\t\t\t\t\t<\/div>\n\t\t\t\t<div class=\"elementor-element elementor-element-9091b85 elementor-widget elementor-widget-heading\" data-id=\"9091b85\" data-element_type=\"widget\" data-e-type=\"widget\" data-widget_type=\"heading.default\">\n\t\t\t\t\t<h2 class=\"elementor-heading-title elementor-size-default\">SHISAM PARTNERS<\/h2>\t\t\t\t<\/div>\n\t\t\t\t<div class=\"elementor-element elementor-element-5c3bfb1 elementor-widget elementor-widget-text-editor\" data-id=\"5c3bfb1\" data-element_type=\"widget\" data-e-type=\"widget\" data-widget_type=\"text-editor.default\">\n\t\t\t\t\t\t\t\t\t<p>Somos una empresa de representaciones comerciales, respaldada por la s\u00f3lida experiencia de m\u00e1s de 30 a\u00f1os en diversos sectores como la papeler\u00eda, multiprecio, ferreter\u00eda, regalos, jugueter\u00eda, y muchos otros \u00e1mbitos relevantes del mercado.<\/p>\n<p>A lo largo de estas tres d\u00e9cadas, hemos establecido relaciones s\u00f3lidas y confiables con un amplio rango de proveedores y clientes, lo que nos permite ofrecer un servicio excepcional y adaptado a las necesidades de cada cliente.<\/p>\t\t\t\t\t\t\t\t<\/div>\n\t\t\t\t<\/div>\n\t\t<div class=\"elementor-element elementor-element-d6b2371 e-con-full e-flex e-con e-child\" data-id=\"d6b2371\" data-element_type=\"container\" data-e-type=\"container\">\n\t\t\t\t<div class=\"elementor-element elementor-element-2ce8e53 elementor-widget elementor-widget-image\" data-id=\"2ce8e53\" data-element_type=\"widget\" data-e-type=\"widget\" data-widget_type=\"image.default\">\n\t\t\t\t\t\t\t\t\t\t\t\t\t\t\t<img fetchpriority=\"high\" decoding=\"async\" width=\"380\" height=\"616\" src=\"https:\/\/gifts4all.es\/wp-content\/uploads\/2026\/04\/Captura-desde-2026-04-09-09-27-43.png\" class=\"attachment-large size-large wp-image-583\" alt=\"\" srcset=\"https:\/\/gifts4all.es\/wp-content\/uploads\/2026\/04\/Captura-desde-2026-04-09-09-27-43.png 380w, https:\/\/gifts4all.es\/wp-content\/uploads\/2026\/04\/Captura-desde-2026-04-09-09-27-43-185x300.png 185w, https:\/\/gifts4all.es\/wp-content\/uploads\/2026\/04\/Captura-desde-2026-04-09-09-27-43-7x12.png 7w\" sizes=\"(max-width: 380px) 100vw, 380px\" \/>\t\t\t\t\t\t\t\t\t\t\t\t\t\t\t<\/div>\n\t\t\t\t<\/div>\n\t\t\t\t\t<\/div>\n\t\t\t\t<\/div>\n\t\t<div class=\"elementor-element elementor-element-2c8ff4c e-flex e-con-boxed e-con e-parent\" data-id=\"2c8ff4c\" data-element_type=\"container\" data-e-type=\"container\" data-settings=\"{&quot;background_background&quot;:&quot;classic&quot;}\">\n\t\t\t\t\t<div class=\"e-con-inner\">\n\t\t\t\t<div class=\"elementor-element elementor-element-c177c20 elementor-invisible elementor-widget elementor-widget-heading\" data-id=\"c177c20\" data-element_type=\"widget\" data-e-type=\"widget\" data-settings=\"{&quot;_animation&quot;:&quot;fadeInRight&quot;}\" data-widget_type=\"heading.default\">\n\t\t\t\t\t<h2 class=\"elementor-heading-title elementor-size-default\">\u00a1Somos representantes de varias marcas reconocidas!<\/h2>\t\t\t\t<\/div>\n\t\t\t\t<div class=\"elementor-element elementor-element-db5c2c6 elementor-widget elementor-widget-button\" data-id=\"db5c2c6\" data-element_type=\"widget\" data-e-type=\"widget\" data-widget_type=\"button.default\">\n\t\t\t\t\t\t\t\t\t\t<a class=\"elementor-button elementor-button-link elementor-size-sm elementor-animation-float\" href=\"\/servicios\">\n\t\t\t\t\t\t<span class=\"elementor-button-content-wrapper\">\n\t\t\t\t\t\t\t\t\t<span class=\"elementor-button-text\">Servicios<\/span>\n\t\t\t\t\t<\/span>\n\t\t\t\t\t<\/a>\n\t\t\t\t\t\t\t\t<\/div>\n\t\t\t\t\t<\/div>\n\t\t\t\t<\/div>\n\t\t<div class=\"elementor-element elementor-element-ca1fa97 e-flex e-con-boxed elementor-invisible e-con e-parent\" data-id=\"ca1fa97\" data-element_type=\"container\" data-e-type=\"container\" data-settings=\"{&quot;animation&quot;:&quot;fadeInDown&quot;}\">\n\t\t\t\t\t<div class=\"e-con-inner\">\n\t\t<div class=\"elementor-element elementor-element-987c12e e-con-full e-flex e-con e-child\" data-id=\"987c12e\" data-element_type=\"container\" data-e-type=\"container\">\n\t\t\t\t<div class=\"elementor-element elementor-element-075164a elementor-flip-box--effect-slide elementor-flip-box--direction-up elementor-widget elementor-widget-flip-box\" data-id=\"075164a\" data-element_type=\"widget\" data-e-type=\"widget\" data-widget_type=\"flip-box.default\">\n\t\t\t\t\t\t\t<div class=\"elementor-flip-box\" tabindex=\"0\">\n\t\t\t<div class=\"elementor-flip-box__layer elementor-flip-box__front\">\n\t\t\t\t<div class=\"elementor-flip-box__layer__overlay\">\n\t\t\t\t\t<div class=\"elementor-flip-box__layer__inner\">\n\t\t\t\t\t\t\n\t\t\t\t\t\t\n\t\t\t\t\t\t\t\t\t\t\t<\/div>\n\t\t\t\t<\/div>\n\t\t\t<\/div>\n\t\t\t<div class=\"elementor-flip-box__layer elementor-flip-box__back\">\n\t\t\t<div class=\"elementor-flip-box__layer__overlay\">\n\t\t\t\t<div class=\"elementor-flip-box__layer__inner\">\n\t\t\t\t\t\n\t\t\t\t\t\n\t\t\t\t\t\t\t\t<\/div>\n\t\t<\/div>\n\t\t<\/div>\n\t\t<\/div>\n\t\t\t\t\t\t<\/div>\n\t\t\t\t<\/div>\n\t\t<div class=\"elementor-element elementor-element-84cb623 e-con-full e-flex e-con e-child\" data-id=\"84cb623\" data-element_type=\"container\" data-e-type=\"container\">\n\t\t\t\t<div class=\"elementor-element elementor-element-ca585a9 elementor-widget-divider--view-line_text elementor-widget-divider--element-align-right elementor-widget elementor-widget-divider\" data-id=\"ca585a9\" data-element_type=\"widget\" data-e-type=\"widget\" data-widget_type=\"divider.default\">\n\t\t\t\t\t\t\t<div class=\"elementor-divider\">\n\t\t\t<span class=\"elementor-divider-separator\">\n\t\t\t\t\t\t\t<span class=\"elementor-divider__text elementor-divider__element\">\n\t\t\t\tSATISFACCI\u00d3N\t\t\t\t<\/span>\n\t\t\t\t\t\t<\/span>\n\t\t<\/div>\n\t\t\t\t\t\t<\/div>\n\t\t\t\t<div class=\"elementor-element elementor-element-e77e255 elementor-widget elementor-widget-heading\" data-id=\"e77e255\" data-element_type=\"widget\" data-e-type=\"widget\" data-widget_type=\"heading.default\">\n\t\t\t\t\t<h2 class=\"elementor-heading-title elementor-size-default\">variedad de articulos<\/h2>\t\t\t\t<\/div>\n\t\t\t\t<div class=\"elementor-element elementor-element-2cb4900 elementor-widget elementor-widget-text-editor\" data-id=\"2cb4900\" data-element_type=\"widget\" data-e-type=\"widget\" data-widget_type=\"text-editor.default\">\n\t\t\t\t\t\t\t\t\t<p>Nos encargamos de la importante labor de presentar los productos de importadores y fabricantes a una red de distribuidores, almacenes y tiendas, asegur\u00e1ndonos de que estos productos sean incluidos de manera efectiva en su oferta de venta.<\/p>\n<p>Nuestro compromiso es facilitar el acceso a una variedad de productos de alta calidad, ayudando as\u00ed a nuestros socios comerciales a expandir su cat\u00e1logo y alcanzar una mayor satisfacci\u00f3n de sus clientes finales.<\/p>\t\t\t\t\t\t\t\t<\/div>\n\t\t\t\t<\/div>\n\t\t\t\t\t<\/div>\n\t\t\t\t<\/div>\n\t\t\t\t<\/div>\n\t\t","protected":false},"excerpt":{"rendered":"<p>\u00a1Acercamos las mejores marcas a tu negocio! SOBRE NOSOTROS SHISAM PARTNERS Somos una empresa de representaciones comerciales, respaldada por la s\u00f3lida experiencia de m\u00e1s de 30 a\u00f1os en diversos sectores como la papeler\u00eda, multiprecio, ferreter\u00eda, regalos, jugueter\u00eda, y muchos otros \u00e1mbitos relevantes del mercado. A lo largo de estas tres d\u00e9cadas, hemos establecido relaciones s\u00f3lidas [&hellip;]<\/p>\n","protected":false},"author":1,"featured_media":0,"parent":0,"menu_order":0,"comment_status":"closed","ping_status":"closed","template":"elementor_canvas","meta":{"footnotes":""},"class_list":["post-2","page","type-page","status-publish","hentry"],"yoast_head":"<!-- This site is optimized with the Yoast SEO plugin v27.3 - https:\/\/yoast.com\/product\/yoast-seo-wordpress\/ -->\n<title>Inicio - SHISAM PARTNERS S.L.<\/title>\n<meta name=\"robots\" content=\"index, follow, max-snippet:-1, max-image-preview:large, max-video-preview:-1\" \/>\n<link rel=\"canonical\" href=\"https:\/\/gifts4all.es\/en\/\" \/>\n<meta property=\"og:locale\" content=\"en_GB\" \/>\n<meta property=\"og:type\" content=\"article\" \/>\n<meta property=\"og:title\" content=\"Inicio - SHISAM PARTNERS S.L.\" \/>\n<meta property=\"og:description\" content=\"\u00a1Acercamos las mejores marcas a tu negocio! SOBRE NOSOTROS SHISAM PARTNERS Somos una empresa de representaciones comerciales, respaldada por la s\u00f3lida experiencia de m\u00e1s de 30 a\u00f1os en diversos sectores como la papeler\u00eda, multiprecio, ferreter\u00eda, regalos, jugueter\u00eda, y muchos otros \u00e1mbitos relevantes del mercado. A lo largo de estas tres d\u00e9cadas, hemos establecido relaciones s\u00f3lidas [&hellip;]\" \/>\n<meta property=\"og:url\" content=\"https:\/\/gifts4all.es\/en\/\" \/>\n<meta property=\"og:site_name\" content=\"SHISAM PARTNERS S.L.\" \/>\n<meta property=\"article:modified_time\" content=\"2026-04-09T07:36:54+00:00\" \/>\n<meta property=\"og:image\" content=\"https:\/\/gifts4all.es\/wp-content\/uploads\/2026\/04\/Captura-desde-2026-04-09-09-27-43.png\" \/>\n<meta name=\"twitter:card\" content=\"summary_large_image\" \/>\n<meta name=\"twitter:label1\" content=\"Est. reading time\" \/>\n\t<meta name=\"twitter:data1\" content=\"1 minute\" \/>\n<script type=\"application\/ld+json\" class=\"yoast-schema-graph\">{\"@context\":\"https:\\\/\\\/schema.org\",\"@graph\":[{\"@type\":\"WebPage\",\"@id\":\"https:\\\/\\\/gifts4all.es\\\/\",\"url\":\"https:\\\/\\\/gifts4all.es\\\/\",\"name\":\"Inicio - SHISAM PARTNERS S.L.\",\"isPartOf\":{\"@id\":\"https:\\\/\\\/gifts4all.es\\\/#website\"},\"primaryImageOfPage\":{\"@id\":\"https:\\\/\\\/gifts4all.es\\\/#primaryimage\"},\"image\":{\"@id\":\"https:\\\/\\\/gifts4all.es\\\/#primaryimage\"},\"thumbnailUrl\":\"https:\\\/\\\/gifts4all.es\\\/wp-content\\\/uploads\\\/2026\\\/04\\\/Captura-desde-2026-04-09-09-27-43.png\",\"datePublished\":\"2026-04-07T10:28:47+00:00\",\"dateModified\":\"2026-04-09T07:36:54+00:00\",\"breadcrumb\":{\"@id\":\"https:\\\/\\\/gifts4all.es\\\/#breadcrumb\"},\"inLanguage\":\"en-GB\",\"potentialAction\":[{\"@type\":\"ReadAction\",\"target\":[\"https:\\\/\\\/gifts4all.es\\\/\"]}]},{\"@type\":\"ImageObject\",\"inLanguage\":\"en-GB\",\"@id\":\"https:\\\/\\\/gifts4all.es\\\/#primaryimage\",\"url\":\"https:\\\/\\\/gifts4all.es\\\/wp-content\\\/uploads\\\/2026\\\/04\\\/Captura-desde-2026-04-09-09-27-43.png\",\"contentUrl\":\"https:\\\/\\\/gifts4all.es\\\/wp-content\\\/uploads\\\/2026\\\/04\\\/Captura-desde-2026-04-09-09-27-43.png\"},{\"@type\":\"BreadcrumbList\",\"@id\":\"https:\\\/\\\/gifts4all.es\\\/#breadcrumb\",\"itemListElement\":[{\"@type\":\"ListItem\",\"position\":1,\"name\":\"Portada\",\"item\":\"https:\\\/\\\/gifts4all.es\\\/\"},{\"@type\":\"ListItem\",\"position\":2,\"name\":\"Inicio\"}]},{\"@type\":\"WebSite\",\"@id\":\"https:\\\/\\\/gifts4all.es\\\/#website\",\"url\":\"https:\\\/\\\/gifts4all.es\\\/\",\"name\":\"SHISAM PARTNERS S.L.\",\"description\":\"SHISAM PARTNERS S.L.\",\"publisher\":{\"@id\":\"https:\\\/\\\/gifts4all.es\\\/#organization\"},\"potentialAction\":[{\"@type\":\"SearchAction\",\"target\":{\"@type\":\"EntryPoint\",\"urlTemplate\":\"https:\\\/\\\/gifts4all.es\\\/?s={search_term_string}\"},\"query-input\":{\"@type\":\"PropertyValueSpecification\",\"valueRequired\":true,\"valueName\":\"search_term_string\"}}],\"inLanguage\":\"en-GB\"},{\"@type\":\"Organization\",\"@id\":\"https:\\\/\\\/gifts4all.es\\\/#organization\",\"name\":\"SHISAM PARTNERS S.L.\",\"url\":\"https:\\\/\\\/gifts4all.es\\\/\",\"logo\":{\"@type\":\"ImageObject\",\"inLanguage\":\"en-GB\",\"@id\":\"https:\\\/\\\/gifts4all.es\\\/#\\\/schema\\\/logo\\\/image\\\/\",\"url\":\"https:\\\/\\\/gifts4all.es\\\/wp-content\\\/uploads\\\/2026\\\/04\\\/logo_web.png\",\"contentUrl\":\"https:\\\/\\\/gifts4all.es\\\/wp-content\\\/uploads\\\/2026\\\/04\\\/logo_web.png\",\"width\":1146,\"height\":536,\"caption\":\"SHISAM PARTNERS S.L.\"},\"image\":{\"@id\":\"https:\\\/\\\/gifts4all.es\\\/#\\\/schema\\\/logo\\\/image\\\/\"}}]}<\/script>\n<!-- \/ Yoast SEO plugin. -->","yoast_head_json":{"title":"Inicio - SHISAM PARTNERS S.L.","robots":{"index":"index","follow":"follow","max-snippet":"max-snippet:-1","max-image-preview":"max-image-preview:large","max-video-preview":"max-video-preview:-1"},"canonical":"https:\/\/gifts4all.es\/en\/","og_locale":"en_GB","og_type":"article","og_title":"Inicio - SHISAM PARTNERS S.L.","og_description":"\u00a1Acercamos las mejores marcas a tu negocio! SOBRE NOSOTROS SHISAM PARTNERS Somos una empresa de representaciones comerciales, respaldada por la s\u00f3lida experiencia de m\u00e1s de 30 a\u00f1os en diversos sectores como la papeler\u00eda, multiprecio, ferreter\u00eda, regalos, jugueter\u00eda, y muchos otros \u00e1mbitos relevantes del mercado. A lo largo de estas tres d\u00e9cadas, hemos establecido relaciones s\u00f3lidas [&hellip;]","og_url":"https:\/\/gifts4all.es\/en\/","og_site_name":"SHISAM PARTNERS S.L.","article_modified_time":"2026-04-09T07:36:54+00:00","og_image":[{"url":"https:\/\/gifts4all.es\/wp-content\/uploads\/2026\/04\/Captura-desde-2026-04-09-09-27-43.png","type":"","width":"","height":""}],"twitter_card":"summary_large_image","twitter_misc":{"Est. reading time":"1 minute"},"schema":{"@context":"https:\/\/schema.org","@graph":[{"@type":"WebPage","@id":"https:\/\/gifts4all.es\/","url":"https:\/\/gifts4all.es\/","name":"Inicio - SHISAM PARTNERS S.L.","isPartOf":{"@id":"https:\/\/gifts4all.es\/#website"},"primaryImageOfPage":{"@id":"https:\/\/gifts4all.es\/#primaryimage"},"image":{"@id":"https:\/\/gifts4all.es\/#primaryimage"},"thumbnailUrl":"https:\/\/gifts4all.es\/wp-content\/uploads\/2026\/04\/Captura-desde-2026-04-09-09-27-43.png","datePublished":"2026-04-07T10:28:47+00:00","dateModified":"2026-04-09T07:36:54+00:00","breadcrumb":{"@id":"https:\/\/gifts4all.es\/#breadcrumb"},"inLanguage":"en-GB","potentialAction":[{"@type":"ReadAction","target":["https:\/\/gifts4all.es\/"]}]},{"@type":"ImageObject","inLanguage":"en-GB","@id":"https:\/\/gifts4all.es\/#primaryimage","url":"https:\/\/gifts4all.es\/wp-content\/uploads\/2026\/04\/Captura-desde-2026-04-09-09-27-43.png","contentUrl":"https:\/\/gifts4all.es\/wp-content\/uploads\/2026\/04\/Captura-desde-2026-04-09-09-27-43.png"},{"@type":"BreadcrumbList","@id":"https:\/\/gifts4all.es\/#breadcrumb","itemListElement":[{"@type":"ListItem","position":1,"name":"Portada","item":"https:\/\/gifts4all.es\/"},{"@type":"ListItem","position":2,"name":"Inicio"}]},{"@type":"WebSite","@id":"https:\/\/gifts4all.es\/#website","url":"https:\/\/gifts4all.es\/","name":"SHISAM PARTNERS S.L.","description":"SHISAM PARTNERS S.L.","publisher":{"@id":"https:\/\/gifts4all.es\/#organization"},"potentialAction":[{"@type":"SearchAction","target":{"@type":"EntryPoint","urlTemplate":"https:\/\/gifts4all.es\/?s={search_term_string}"},"query-input":{"@type":"PropertyValueSpecification","valueRequired":true,"valueName":"search_term_string"}}],"inLanguage":"en-GB"},{"@type":"Organization","@id":"https:\/\/gifts4all.es\/#organization","name":"SHISAM PARTNERS S.L.","url":"https:\/\/gifts4all.es\/","logo":{"@type":"ImageObject","inLanguage":"en-GB","@id":"https:\/\/gifts4all.es\/#\/schema\/logo\/image\/","url":"https:\/\/gifts4all.es\/wp-content\/uploads\/2026\/04\/logo_web.png","contentUrl":"https:\/\/gifts4all.es\/wp-content\/uploads\/2026\/04\/logo_web.png","width":1146,"height":536,"caption":"SHISAM PARTNERS S.L."},"image":{"@id":"https:\/\/gifts4all.es\/#\/schema\/logo\/image\/"}}]}},"_links":{"self":[{"href":"https:\/\/gifts4all.es\/en\/wp-json\/wp\/v2\/pages\/2","targetHints":{"allow":["GET"]}}],"collection":[{"href":"https:\/\/gifts4all.es\/en\/wp-json\/wp\/v2\/pages"}],"about":[{"href":"https:\/\/gifts4all.es\/en\/wp-json\/wp\/v2\/types\/page"}],"author":[{"embeddable":true,"href":"https:\/\/gifts4all.es\/en\/wp-json\/wp\/v2\/users\/1"}],"replies":[{"embeddable":true,"href":"https:\/\/gifts4all.es\/en\/wp-json\/wp\/v2\/comments?post=2"}],"version-history":[{"count":79,"href":"https:\/\/gifts4all.es\/en\/wp-json\/wp\/v2\/pages\/2\/revisions"}],"predecessor-version":[{"id":594,"href":"https:\/\/gifts4all.es\/en\/wp-json\/wp\/v2\/pages\/2\/revisions\/594"}],"wp:attachment":[{"href":"https:\/\/gifts4all.es\/en\/wp-json\/wp\/v2\/media?parent=2"}],"curies":[{"name":"wp","href":"https:\/\/api.w.org\/{rel}","templated":true}]}}